{"id":330,"date":"2024-03-21T00:26:30","date_gmt":"2024-03-20T23:26:30","guid":{"rendered":"https:\/\/jcisahline.tn\/?page_id=330"},"modified":"2024-03-21T00:32:00","modified_gmt":"2024-03-20T23:32:00","slug":"actions","status":"publish","type":"page","link":"https:\/\/jcisahline.tn\/?page_id=330","title":{"rendered":"Actions"},"content":{"rendered":"\t\t<div data-elementor-type=\"wp-page\" data-elementor-id=\"330\" class=\"elementor elementor-330\">\n\t\t\t\t<div class=\"elementor-element elementor-element-ed1966b e-flex e-con-boxed e-con e-parent\" data-id=\"ed1966b\" data-element_type=\"container\" data-core-v316-plus=\"true\">\n\t\t\t\t\t<div class=\"e-con-inner\">\n\t\t\t\t<div class=\"elementor-element elementor-element-6e05b9a elementor-widget elementor-widget-bdt-post-grid\" data-id=\"6e05b9a\" data-element_type=\"widget\" data-settings=\"{&quot;columns&quot;:&quot;3&quot;,&quot;columns_tablet&quot;:&quot;2&quot;,&quot;columns_mobile&quot;:&quot;1&quot;}\" data-widget_type=\"bdt-post-grid.bdt-trosia\">\n\t\t\t\t<div class=\"elementor-widget-container\">\n\t\t\t \n\t\t<div id=\"bdt-post-grid-6e05b9a\" class=\"bdt-post-grid bdt-post-grid-skin-trosia\">\n\t  \t\t<div class=\"bdt-grid bdt-grid-small\" data-bdt-grid>\n\n\t\t\t\t\t\t\n\n\t\t            <div class=\"bdt-width-1-1 bdt-width-1-2@s bdt-width-1-3@m\">\n\t\t\t\t\t\t<div class=\"bdt-post-grid-item bdt-transition-toggle bdt-position-relative\">\n\t\t\t\t\t\t\t\t\n\t\t\t\t\t\t\t<div class=\"bdt-post-grid-img-wrap bdt-overflow-hidden\">\n\t\t\t\t<a href=\"https:\/\/jcisahline.tn\/?p=256\" class=\"bdt-transition-scale-up bdt-background-cover bdt-transition-opaque bdt-flex\" title=\"Film \u00ab\u00a0Super-Tunsi\u00a0\u00bb !\" style=\"background-image: url(https:\/\/jcisahline.tn\/wp-content\/uploads\/2024\/02\/1.jpg)\">\n  \t\t\t\t<\/a>\n\t\t\t<\/div>\n\t\t\t\t\t\t\t<div class=\"bdt-custom-overlay bdt-position-cover\"><\/div>\n\t\t\t\t\t  \t\t\n\t\t\t\t\t  \t\t<div class=\"bdt-post-grid-desc bdt-position-bottom\">\n\t\t\t\t\t\t  \t\t<div class=\"bdt-position-medium \">\n\n\t\t\t\t\t\t\t\t\t<h2 class=\"bdt-post-grid-title\" >\n\t\t\t\t<a href=\"https:\/\/jcisahline.tn\/?p=256\" class=\"bdt-post-grid-link\" title=\"Film \u00ab\u00a0Super-Tunsi\u00a0\u00bb !\">\n\t\t\t\t\tFilm \u00ab\u00a0Super-Tunsi\u00a0\u00bb !\n\t\t\t\t<\/a>\n\t\t\t<\/h2>\n\t\t\t\t\t            \t\t\t\t\t\t\t\t\t\t\t<div class=\"bdt-post-grid-meta bdt-subnav bdt-flex-middle bdt-margin-small-top\">\n\t\t\t\t\t\t\t\t\t\t\t<span class=\"bdt-post-grid-author\"><a href=\"https:\/\/jcisahline.tn\/?author=1\">AdminJCI<\/a><\/span>\t\t\t\t\t\t\t\t\t\t\t<span class=\"bdt-post-grid-date\">21 f\u00e9vrier 2024<\/span>\t\t\t\t\t\t\t\t\t\t\t\t\t\t\t\t\t\t\t\t\t<\/div>\n\t\t\t\t\t\t\t\t\t\t\t\t\t\t\t\t\t\t\n\t\t\t\t\t\t\t  \t\t<div class=\"bdt-transition-slide-bottom\">\n\t\t\t\t\t\t\t\t\t\t\t\t\t\t\t\t\t\t\t<\/div>\n\t\t\t\t\t\t\t\t<\/div>\n\t\t\t\t\t\t\t<\/div>\n\n\t\t\t\t\t\t\t        <div class=\"bdt-post-grid-category bdt-position-small bdt-position-top-left\">\n\n\t\t\t<a href=\"https:\/\/jcisahline.tn\/?cat=3\">Actions<\/a>\t\t<\/div>\n\t\t\n\t\t\t\t\t\t<\/div>\n\t\t            <\/div>\n\n\t\t\t\t\t\t\n\n\t\t            <div class=\"bdt-width-1-1 bdt-width-1-2@s bdt-width-1-3@m\">\n\t\t\t\t\t\t<div class=\"bdt-post-grid-item bdt-transition-toggle bdt-position-relative\">\n\t\t\t\t\t\t\t\t\n\t\t\t\t\t\t\t<div class=\"bdt-post-grid-img-wrap bdt-overflow-hidden\">\n\t\t\t\t<a href=\"https:\/\/jcisahline.tn\/?p=1\" class=\"bdt-transition-scale-up bdt-background-cover bdt-transition-opaque bdt-flex\" title=\"La Palestine dans nos c\u0153urs\" style=\"background-image: url(https:\/\/jcisahline.tn\/wp-content\/uploads\/2024\/02\/2.jpg)\">\n  \t\t\t\t<\/a>\n\t\t\t<\/div>\n\t\t\t\t\t\t\t<div class=\"bdt-custom-overlay bdt-position-cover\"><\/div>\n\t\t\t\t\t  \t\t\n\t\t\t\t\t  \t\t<div class=\"bdt-post-grid-desc bdt-position-bottom\">\n\t\t\t\t\t\t  \t\t<div class=\"bdt-position-medium \">\n\n\t\t\t\t\t\t\t\t\t<h2 class=\"bdt-post-grid-title bdt-post-grid-title\" >\n\t\t\t\t<a href=\"https:\/\/jcisahline.tn\/?p=1\" class=\"bdt-post-grid-link\" title=\"La Palestine dans nos c\u0153urs\">\n\t\t\t\t\tLa Palestine dans nos c\u0153urs\n\t\t\t\t<\/a>\n\t\t\t<\/h2>\n\t\t\t\t\t            \t\t\t\t\t\t\t\t\t\t\t<div class=\"bdt-post-grid-meta bdt-subnav bdt-flex-middle bdt-margin-small-top\">\n\t\t\t\t\t\t\t\t\t\t\t<span class=\"bdt-post-grid-author\"><a href=\"https:\/\/jcisahline.tn\/?author=1\">AdminJCI<\/a><\/span>\t\t\t\t\t\t\t\t\t\t\t<span class=\"bdt-post-grid-date\">15 f\u00e9vrier 2024<\/span>\t\t\t\t\t\t\t\t\t\t\t\t\t\t\t\t\t\t\t\t\t<\/div>\n\t\t\t\t\t\t\t\t\t\t\t\t\t\t\t\t\t\t\n\t\t\t\t\t\t\t  \t\t<div class=\"bdt-transition-slide-bottom\">\n\t\t\t\t\t\t\t\t\t\t\t\t\t\t\t\t\t\t\t<\/div>\n\t\t\t\t\t\t\t\t<\/div>\n\t\t\t\t\t\t\t<\/div>\n\n\t\t\t\t\t\t\t        <div class=\"bdt-post-grid-category bdt-position-small bdt-position-top-left\">\n\n\t\t\t<a href=\"https:\/\/jcisahline.tn\/?cat=3\">Actions<\/a>\t\t<\/div>\n\t\t\n\t\t\t\t\t\t<\/div>\n\t\t            <\/div>\n\n\t\t\t\t\t\t\n\n\t\t            <div class=\"bdt-width-1-1 bdt-width-1-2@s bdt-width-1-3@m\">\n\t\t\t\t\t\t<div class=\"bdt-post-grid-item bdt-transition-toggle bdt-position-relative\">\n\t\t\t\t\t\t\t\t\n\t\t\t\t\t\t\t<div class=\"bdt-post-grid-img-wrap bdt-overflow-hidden\">\n\t\t\t\t<a href=\"https:\/\/jcisahline.tn\/?p=171\" class=\"bdt-transition-scale-up bdt-background-cover bdt-transition-opaque bdt-flex\" title=\"Nuits Ramadanesques de Sahline\" style=\"background-image: url(https:\/\/jcisahline.tn\/wp-content\/uploads\/2020\/08\/3.jpg)\">\n  \t\t\t\t<\/a>\n\t\t\t<\/div>\n\t\t\t\t\t\t\t<div class=\"bdt-custom-overlay bdt-position-cover\"><\/div>\n\t\t\t\t\t  \t\t\n\t\t\t\t\t  \t\t<div class=\"bdt-post-grid-desc bdt-position-bottom\">\n\t\t\t\t\t\t  \t\t<div class=\"bdt-position-medium \">\n\n\t\t\t\t\t\t\t\t\t<h2 class=\"bdt-post-grid-title bdt-post-grid-title bdt-post-grid-title\" >\n\t\t\t\t<a href=\"https:\/\/jcisahline.tn\/?p=171\" class=\"bdt-post-grid-link\" title=\"Nuits Ramadanesques de Sahline\">\n\t\t\t\t\tNuits Ramadanesques de Sahline\n\t\t\t\t<\/a>\n\t\t\t<\/h2>\n\t\t\t\t\t            \t\t\t\t\t\t\t\t\t\t\t<div class=\"bdt-post-grid-meta bdt-subnav bdt-flex-middle bdt-margin-small-top\">\n\t\t\t\t\t\t\t\t\t\t\t<span class=\"bdt-post-grid-author\"><a href=\"https:\/\/jcisahline.tn\/?author=1\">AdminJCI<\/a><\/span>\t\t\t\t\t\t\t\t\t\t\t<span class=\"bdt-post-grid-date\">31 ao\u00fbt 2020<\/span>\t\t\t\t\t\t\t\t\t\t\t\t\t\t\t\t\t\t\t\t\t<\/div>\n\t\t\t\t\t\t\t\t\t\t\t\t\t\t\t\t\t\t\n\t\t\t\t\t\t\t  \t\t<div class=\"bdt-transition-slide-bottom\">\n\t\t\t\t\t\t\t\t\t\t\t\t\t\t\t\t\t\t\t<\/div>\n\t\t\t\t\t\t\t\t<\/div>\n\t\t\t\t\t\t\t<\/div>\n\n\t\t\t\t\t\t\t        <div class=\"bdt-post-grid-category bdt-position-small bdt-position-top-left\">\n\n\t\t\t<a href=\"https:\/\/jcisahline.tn\/?cat=3\">Actions<\/a>\t\t<\/div>\n\t\t\n\t\t\t\t\t\t<\/div>\n\t\t            <\/div>\n\n\t\t\t\t\t\t\t<\/div>\n\t\t<\/div>\n\t\n \t\t\t\t<\/div>\n\t\t\t\t<\/div>\n\t\t\t\t\t<\/div>\n\t\t\t\t<\/div>\n\t\t\t\t<\/div>\n\t\t","protected":false},"excerpt":{"rendered":"<p>Film &#8220;Super-Tunsi&#8221; ! AdminJCI 21 f\u00e9vrier 2024 Actions La Palestine dans nos c\u0153urs AdminJCI 15 f\u00e9vrier 2024 Actions Nuits Ramadanesques de Sahline [&hellip;]<\/p>\n","protected":false},"author":1,"featured_media":0,"parent":0,"menu_order":0,"comment_status":"closed","ping_status":"closed","template":"","meta":{"footnotes":""},"class_list":["post-330","page","type-page","status-publish","hentry"],"_links":{"self":[{"href":"https:\/\/jcisahline.tn\/index.php?rest_route=\/wp\/v2\/pages\/330","targetHints":{"allow":["GET"]}}],"collection":[{"href":"https:\/\/jcisahline.tn\/index.php?rest_route=\/wp\/v2\/pages"}],"about":[{"href":"https:\/\/jcisahline.tn\/index.php?rest_route=\/wp\/v2\/types\/page"}],"author":[{"embeddable":true,"href":"https:\/\/jcisahline.tn\/index.php?rest_route=\/wp\/v2\/users\/1"}],"replies":[{"embeddable":true,"href":"https:\/\/jcisahline.tn\/index.php?rest_route=%2Fwp%2Fv2%2Fcomments&post=330"}],"version-history":[{"count":4,"href":"https:\/\/jcisahline.tn\/index.php?rest_route=\/wp\/v2\/pages\/330\/revisions"}],"predecessor-version":[{"id":335,"href":"https:\/\/jcisahline.tn\/index.php?rest_route=\/wp\/v2\/pages\/330\/revisions\/335"}],"wp:attachment":[{"href":"https:\/\/jcisahline.tn\/index.php?rest_route=%2Fwp%2Fv2%2Fmedia&parent=330"}],"curies":[{"name":"wp","href":"https:\/\/api.w.org\/{rel}","templated":true}]}}