{"id":247,"date":"2021-06-03T18:23:05","date_gmt":"2021-06-03T16:23:05","guid":{"rendered":"https:\/\/jcisahline.tn\/index.php\/contact-us\/"},"modified":"2024-03-21T02:13:21","modified_gmt":"2024-03-21T01:13:21","slug":"contact-us","status":"publish","type":"page","link":"https:\/\/jcisahline.tn\/?page_id=247","title":{"rendered":"Contact Us"},"content":{"rendered":"\t\t<div data-elementor-type=\"wp-page\" data-elementor-id=\"247\" class=\"elementor elementor-247\">\n\t\t\t\t\t\t<section class=\"elementor-section elementor-top-section elementor-element elementor-element-daff9e7 elementor-section-boxed elementor-section-height-default elementor-section-height-default\" data-id=\"daff9e7\" data-element_type=\"section\">\n\t\t\t\t\t\t<div class=\"elementor-container elementor-column-gap-default\">\n\t\t\t\t\t<div class=\"elementor-column elementor-col-33 elementor-top-column elementor-element elementor-element-4c0e383\" data-id=\"4c0e383\" data-element_type=\"column\">\n\t\t\t<div class=\"elementor-widget-wrap elementor-element-populated\">\n\t\t\t\t\t\t<div class=\"elementor-element elementor-element-9419ddb bdt-icon-type-icon elementor-position-top bdt-icon-effect-none elementor-invisible elementor-widget elementor-widget-bdt-advanced-icon-box\" data-id=\"9419ddb\" data-element_type=\"widget\" data-settings=\"{&quot;_animation&quot;:&quot;fadeInDown&quot;}\" data-widget_type=\"bdt-advanced-icon-box.default\">\n\t\t\t\t<div class=\"elementor-widget-container\">\n\t\t\t\t\t<div class=\"bdt-advanced-icon-box\">\n\n\t\t\t\t\t\t\t\n\t\t\t\t\t\t\t<div class=\"bdt-advanced-icon-box-icon\">\n\t\t\t\t\t<span class=\"bdt-icon-wrapper\">\n\n\n\t\t\t\t\t\t\n\t\t\t\t\t\t\t<i aria-hidden=\"true\" class=\"ti ti-location-pin\"><\/i>\n\t\t\t\t\t\t\t\n\t\t\t\t\t\t\t\t\t\t\t<\/span>\n\t\t\t\t<\/div>\n\t\t\t\n\t\t\t\t\t\t\t\t\n\t\t\t<div class=\"bdt-advanced-icon-box-content\">\n\t\t\t\t\n\t\t\t\t\t\t\t\t\t\n\t\t\t\t<h3 class=\"bdt-advanced-icon-box-title\">\n\t\t\t\t<span >\n\t\t\t\t\tNotre Local\t\t\t\t<\/span>\n\t\t\t<\/h3>\n\t\t\n\n\t\t\n\t\t\t\t\t\t\n\t\t\t\t\n\t\t\t\t\t\t\t\t\t<div class=\"bdt-advanced-icon-box-description\">\n\t\t\t\t\t\t<p>Local des retrait\u00e9s Route de Monastir \u00e0 cot\u00e9 du caf\u00e9 Flament rose- Sahline 5012<\/p>\t\t\t\t\t<\/div>\n\t\t\t\t\n\t\t\t\t\t\t\t<\/div>\n\t\t<\/div>\n\n\t\t\n\t\t\n\t\t\t\t<\/div>\n\t\t\t\t<\/div>\n\t\t\t\t<div class=\"elementor-element elementor-element-bd7cd6d bdt-icon-type-icon elementor-position-top bdt-icon-effect-none elementor-invisible elementor-widget elementor-widget-bdt-advanced-icon-box\" data-id=\"bd7cd6d\" data-element_type=\"widget\" data-settings=\"{&quot;_animation&quot;:&quot;fadeInDown&quot;}\" data-widget_type=\"bdt-advanced-icon-box.default\">\n\t\t\t\t<div class=\"elementor-widget-container\">\n\t\t\t\t\t<div class=\"bdt-advanced-icon-box\">\n\n\t\t\t\t\t\t\t\n\t\t\t\t\t\t\t<div class=\"bdt-advanced-icon-box-icon\">\n\t\t\t\t\t<span class=\"bdt-icon-wrapper\">\n\n\n\t\t\t\t\t\t\n\t\t\t\t\t\t\t<i aria-hidden=\"true\" class=\"ti ti-email\"><\/i>\n\t\t\t\t\t\t\t\n\t\t\t\t\t\t\t\t\t\t\t<\/span>\n\t\t\t\t<\/div>\n\t\t\t\n\t\t\t\t\t\t\t\t\n\t\t\t<div class=\"bdt-advanced-icon-box-content\">\n\t\t\t\t\n\t\t\t\t\t\t\t\t\t\n\t\t\t\t<h3 class=\"bdt-advanced-icon-box-title\">\n\t\t\t\t<span >\n\t\t\t\t\tContact e-mail\t\t\t\t<\/span>\n\t\t\t<\/h3>\n\t\t\n\n\t\t\n\t\t\t\t\t\t\n\t\t\t\t\n\t\t\t\t\t\t\t\t\t<div class=\"bdt-advanced-icon-box-description\">\n\t\t\t\t\t\t<ul><li>\u00a0jcisahline.contact@gmail.com<\/li><li>tresorierjcisahline@gmail.com<\/li><\/ul>\t\t\t\t\t<\/div>\n\t\t\t\t\n\t\t\t\t\t\t\t<\/div>\n\t\t<\/div>\n\n\t\t\n\t\t\n\t\t\t\t<\/div>\n\t\t\t\t<\/div>\n\t\t\t\t<div class=\"elementor-element elementor-element-8cb7832 bdt-icon-type-icon elementor-position-top bdt-icon-effect-none elementor-invisible elementor-widget elementor-widget-bdt-advanced-icon-box\" data-id=\"8cb7832\" data-element_type=\"widget\" data-settings=\"{&quot;_animation&quot;:&quot;fadeInDown&quot;}\" data-widget_type=\"bdt-advanced-icon-box.default\">\n\t\t\t\t<div class=\"elementor-widget-container\">\n\t\t\t\t\t<div class=\"bdt-advanced-icon-box\">\n\n\t\t\t\t\t\t\t\n\t\t\t\t\t\t\t<div class=\"bdt-advanced-icon-box-icon\">\n\t\t\t\t\t<span class=\"bdt-icon-wrapper\">\n\n\n\t\t\t\t\t\t\n\t\t\t\t\t\t\t<svg aria-hidden=\"true\" class=\"e-font-icon-svg e-far-paper-plane\" viewBox=\"0 0 512 512\" xmlns=\"http:\/\/www.w3.org\/2000\/svg\"><path d=\"M440 6.5L24 246.4c-34.4 19.9-31.1 70.8 5.7 85.9L144 379.6V464c0 46.4 59.2 65.5 86.6 28.6l43.8-59.1 111.9 46.2c5.9 2.4 12.1 3.6 18.3 3.6 8.2 0 16.3-2.1 23.6-6.2 12.8-7.2 21.6-20 23.9-34.5l59.4-387.2c6.1-40.1-36.9-68.8-71.5-48.9zM192 464v-64.6l36.6 15.1L192 464zm212.6-28.7l-153.8-63.5L391 169.5c10.7-15.5-9.5-33.5-23.7-21.2L155.8 332.6 48 288 464 48l-59.4 387.3z\"><\/path><\/svg>\n\t\t\t\t\t\t\t\n\t\t\t\t\t\t\t\t\t\t\t<\/span>\n\t\t\t\t<\/div>\n\t\t\t\n\t\t\t\t\t\t\t\t\n\t\t\t<div class=\"bdt-advanced-icon-box-content\">\n\t\t\t\t\n\t\t\t\t\t\t\t\t\t\n\t\t\t\t<h3 class=\"bdt-advanced-icon-box-title\">\n\t\t\t\t<span >\n\t\t\t\t\tT\u00e9l\u00e9phone\t\t\t\t<\/span>\n\t\t\t<\/h3>\n\t\t\n\n\t\t\n\t\t\t\t\t\t\n\t\t\t\t\n\t\t\t\t\t\t\t\t\t<div class=\"bdt-advanced-icon-box-description\">\n\t\t\t\t\t\t<p>Pr\u00e9sident : Azza Amamou 22036485<\/p><p>Secr\u00e9taire G\u00e9nerale : Salsabil Rhaiem 99570961<\/p>\t\t\t\t\t<\/div>\n\t\t\t\t\n\t\t\t\t\t\t\t<\/div>\n\t\t<\/div>\n\n\t\t\n\t\t\n\t\t\t\t<\/div>\n\t\t\t\t<\/div>\n\t\t\t\t\t<\/div>\n\t\t<\/div>\n\t\t\t\t<div class=\"elementor-column elementor-col-66 elementor-top-column elementor-element elementor-element-4280afa\" data-id=\"4280afa\" data-element_type=\"column\">\n\t\t\t<div class=\"elementor-widget-wrap elementor-element-populated\">\n\t\t\t\t\t\t<div class=\"elementor-element elementor-element-0d3d792 elementor-widget__width-auto elementor-widget elementor-widget-heading\" data-id=\"0d3d792\" data-element_type=\"widget\" data-widget_type=\"heading.default\">\n\t\t\t\t<div class=\"elementor-widget-container\">\n\t\t\t<style>\/*! elementor - v3.20.0 - 20-03-2024 *\/\n.elementor-heading-title{padding:0;margin:0;line-height:1}.elementor-widget-heading .elementor-heading-title[class*=elementor-size-]>a{color:inherit;font-size:inherit;line-height:inherit}.elementor-widget-heading .elementor-heading-title.elementor-size-small{font-size:15px}.elementor-widget-heading .elementor-heading-title.elementor-size-medium{font-size:19px}.elementor-widget-heading .elementor-heading-title.elementor-size-large{font-size:29px}.elementor-widget-heading .elementor-heading-title.elementor-size-xl{font-size:39px}.elementor-widget-heading .elementor-heading-title.elementor-size-xxl{font-size:59px}<\/style><h5 class=\"elementor-heading-title elementor-size-default\">Envoyez-nous un message<\/h5>\t\t<\/div>\n\t\t\t\t<\/div>\n\t\t\t\t<div class=\"elementor-element elementor-element-996df0b elementor-widget elementor-widget-heading\" data-id=\"996df0b\" data-element_type=\"widget\" data-widget_type=\"heading.default\">\n\t\t\t\t<div class=\"elementor-widget-container\">\n\t\t\t<h2 class=\"elementor-heading-title elementor-size-default\">Avez-vous des questions?\nCommen\u00e7ons \u00e0 parler<\/h2>\t\t<\/div>\n\t\t\t\t<\/div>\n\t\t\t\t<div class=\"elementor-element elementor-element-5059983 elementor-button-align-end elementor-widget elementor-widget-bdt-contact-form\" data-id=\"5059983\" data-element_type=\"widget\" data-widget_type=\"bdt-contact-form.default\">\n\t\t\t\t<div class=\"elementor-widget-container\">\n\t\t\t\t\t<div class=\"bdt-contact-form bdt-contact-form-skin-default\">\n\t\t\t<div class=\"elementor-form-fields-wrapper\">\n\t\t\t\t\t\t<div class=\"bdt-contact-form-wrapper\">\n\t\t\t<form class=\"bdt-contact-form-form bdt-form-stacked bdt-grid bdt-grid-small without-recaptcha\" data-bdt-grid=\"\" action=\"https:\/\/jcisahline.tn\/wp-admin\/admin-ajax.php\" method=\"post\">\n\n\t\t\t\t\n\t\t\t\t\t<div class=\"bdt-field-group elementor-field-required bdt-width-1-1\">\n\t\t\t\t\t\t<div class=\"bdt-form-controls\"><input type=\"text\" name=\"name\" id=\"user_name5059983\" placeholder=\"Your Name\" class=\"bdt-input bdt-form-default\" required =\"required\"><\/div>\t\t\t\t\t<\/div>\n\n\t\t\t\t\t<div class=\"bdt-field-group elementor-field-required bdt-width-1-1\">\n\t\t\t\t\t\t<div class=\"bdt-form-controls\"><input type=\"email\" name=\"email\" id=\"email5059983\" placeholder=\"example@email.com\" class=\"bdt-input bdt-form-default\" required=\"required\"><\/div>\t\t\t\t\t<\/div>\n\n\t\t\t\t\t\t\t\t\t\t\t<div class=\"bdt-field-group bdt-width-1-1 elementor-field-required\">\n\t\t\t\t\t\t\t<div class=\"bdt-form-controls\"><input type=\"tel\" name=\"contact\" id=\"contact5059983\" placeholder=\"Your Contact Number\" class=\"bdt-input bdt-form-default\"><\/div>\t\t\t\t\t\t<\/div>\n\t\t\t\t\t\n\t\t\t\t\t\t\t\t\t\t\t<div class=\"bdt-field-group bdt-width-1-1 elementor-field-required\">\n\t\t\t\t\t\t\t<div class=\"bdt-form-controls\"><input type=\"text\" name=\"subject\" id=\"subject5059983\" placeholder=\"Your Message Subject\" class=\"bdt-input bdt-form-default\" required=\"required\"><\/div>\t\t\t\t\t\t<\/div>\n\t\t\t\t\t\n\t\t\t\t\t\n\t\t\t\t\t\t\t\t\t\t\t<div class=\"bdt-field-group bdt-width-1-1 elementor-field-required\">\n\t\t\t\t\t\t\t<div class=\"bdt-form-controls\"><textarea name=\"message\" id=\"message5059983\" rows=\"5\" placeholder=\"Your Message Here\" class=\"bdt-textarea bdt-form-default\" required=\"required\"><\/textarea><\/div>\t\t\t\t\t\t<\/div>\n\t\t\t\t\t\n\t\t\t\t\t\t\t\t\t\t\t<div class=\"bdt-field-group bdt-width-1-1 elementor-field-required\">\n\t\t\t\t\t\t\t<span class=\"bdt-contact-form-additional-message\">Remarque\u00a0: vous devez remplir tous les champs respectifs, puis cliquer sur le bouton ci-dessous pour envoyer votre message.<\/span>\n\t\t\t\t\t\t<\/div>\n\t\t\t\t\t\n\n\t\t\t\t\t\t\t\t\t\t\n\t\t\t\t\t\n\t\t\t\t\t<input type=\"hidden\" class=\"widget_id\" name=\"widget_id\" value=\"5059983\"\/>\n\t\t\t\t\t<input type=\"hidden\" name=\"bdt-sf-5059983\" value=\"true\"\/>\n\t\t\t\t\t<input type=\"hidden\" class=\"page_id\" name=\"page_id\" value=\"247\"\/>\n\n\t\t\t\t\t<div class=\"elementor-field-type-submit bdt-field-group bdt-flex bdt-width-1-1\">\n\t\t\t\t\t\t<button type=\"submit\" class=\"elementor-button bdt-button bdt-button-primary\" name=\"submit\">\n\t\t\t\t\t\t\t\t\t\t\t\t\t\t\t<span>Envoyer<\/span>\n\t\t\t\t\t\t\t\t\t\t\t\t\t<\/button>\n\t\t\t\t\t<\/div>\t\n\n\t\t\t\t\t<input type=\"hidden\" name=\"action\" value=\"element_pack_contact_form\" \/>\n\n\t\t\t\t\t\n\t\t\t<\/form>\n\t\t<\/div>\n\t\t\t\t\t<\/div>\n\t\t<\/div>\n\t\t\t\t<\/div>\n\t\t\t\t<\/div>\n\t\t\t\t\t<\/div>\n\t\t<\/div>\n\t\t\t\t\t<\/div>\n\t\t<\/section>\n\t\t\t\t<section class=\"elementor-section elementor-top-section elementor-element elementor-element-254158b elementor-section-full_width elementor-section-height-default elementor-section-height-default\" data-id=\"254158b\" data-element_type=\"section\">\n\t\t\t\t\t\t<div class=\"elementor-container elementor-column-gap-default\">\n\t\t\t\t\t<div class=\"elementor-column elementor-col-100 elementor-top-column elementor-element elementor-element-c29b7a3\" data-id=\"c29b7a3\" data-element_type=\"column\">\n\t\t\t<div class=\"elementor-widget-wrap elementor-element-populated\">\n\t\t\t\t\t\t<div class=\"elementor-element elementor-element-b93decf elementor-widget elementor-widget-bdt-advanced-gmap\" data-id=\"b93decf\" data-element_type=\"widget\" data-widget_type=\"bdt-advanced-gmap.default\">\n\t\t\t\t<div class=\"elementor-widget-container\">\n\t\t\t\n\t\t\t\n\t\t\n\t\t<div id=\"bdt-advanced-gmap-b93decf\" class=\"bdt-advanced-gmap\" data-map_markers=\"[{&quot;lat&quot;:35.7552,&quot;lng&quot;:10.717807,&quot;title&quot;:&quot;JCI Sahline&quot;,&quot;icon&quot;:&quot;https:\\\/\\\/jcisahline.tn\\\/wp-content\\\/uploads\\\/2024\\\/02\\\/favicon.ico&quot;,&quot;infoWindow&quot;:{&quot;content&quot;:&quot;\\n, \\n\\n&quot;}}]\" data-map_style=\"[ { &quot;featureType&quot;: &quot;all&quot;, &quot;elementType&quot;: &quot;geometry&quot;, &quot;stylers&quot;: [ { &quot;color&quot;: &quot;#202c3e&quot; } ] }, { &quot;featureType&quot;: &quot;all&quot;, &quot;elementType&quot;: &quot;labels.text.fill&quot;, &quot;stylers&quot;: [ { &quot;gamma&quot;: 0.01 }, { &quot;lightness&quot;: 20 }, { &quot;weight&quot;: &quot;1.39&quot; }, { &quot;color&quot;: &quot;#ffffff&quot; } ] }, { &quot;featureType&quot;: &quot;all&quot;, &quot;elementType&quot;: &quot;labels.text.stroke&quot;, &quot;stylers&quot;: [ { &quot;weight&quot;: &quot;0.96&quot; }, { &quot;saturation&quot;: &quot;9&quot; }, { &quot;visibility&quot;: &quot;on&quot; }, { &quot;color&quot;: &quot;#000000&quot; } ] }, { &quot;featureType&quot;: &quot;all&quot;, &quot;elementType&quot;: &quot;labels.icon&quot;, &quot;stylers&quot;: [ { &quot;visibility&quot;: &quot;off&quot; } ] }, { &quot;featureType&quot;: &quot;landscape&quot;, &quot;elementType&quot;: &quot;geometry&quot;, &quot;stylers&quot;: [ { &quot;lightness&quot;: 30 }, { &quot;saturation&quot;: &quot;9&quot; }, { &quot;color&quot;: &quot;#29446b&quot; } ] }, { &quot;featureType&quot;: &quot;poi&quot;, &quot;elementType&quot;: &quot;geometry&quot;, &quot;stylers&quot;: [ { &quot;saturation&quot;: 20 } ] }, { &quot;featureType&quot;: &quot;poi.park&quot;, &quot;elementType&quot;: &quot;geometry&quot;, &quot;stylers&quot;: [ { &quot;lightness&quot;: 20 }, { &quot;saturation&quot;: -20 } ] }, { &quot;featureType&quot;: &quot;road&quot;, &quot;elementType&quot;: &quot;geometry&quot;, &quot;stylers&quot;: [ { &quot;lightness&quot;: 10 }, { &quot;saturation&quot;: -30 } ] }, { &quot;featureType&quot;: &quot;road&quot;, &quot;elementType&quot;: &quot;geometry.fill&quot;, &quot;stylers&quot;: [ { &quot;color&quot;: &quot;#193a55&quot; } ] }, { &quot;featureType&quot;: &quot;road&quot;, &quot;elementType&quot;: &quot;geometry.stroke&quot;, &quot;stylers&quot;: [ { &quot;saturation&quot;: 25 }, { &quot;lightness&quot;: 25 }, { &quot;weight&quot;: &quot;0.01&quot; } ] }, { &quot;featureType&quot;: &quot;water&quot;, &quot;elementType&quot;: &quot;all&quot;, &quot;stylers&quot;: [ { &quot;lightness&quot;: -20 } ] } ]\" data-map_settings=\"{&quot;el&quot;:&quot;#bdt-advanced-gmap-b93decf&quot;,&quot;lat&quot;:&quot;35.755200&quot;,&quot;lng&quot;:&quot;10.717807&quot;,&quot;zoomControl&quot;:true,&quot;zoom&quot;:16,&quot;streetViewControl&quot;:true,&quot;mapTypeControl&quot;:true}\" data-map_geocode=\"false\"><\/div>\n\t\t\n\t\t\t\t<\/div>\n\t\t\t\t<\/div>\n\t\t\t\t\t<\/div>\n\t\t<\/div>\n\t\t\t\t\t<\/div>\n\t\t<\/section>\n\t\t\t\t<\/div>\n\t\t","protected":false},"excerpt":{"rendered":"<p>Notre Local Local des retrait\u00e9s Route de Monastir \u00e0 cot\u00e9 du caf\u00e9 Flament rose- Sahline 5012 Contact e-mail \u00a0jcisahline.contact@gmail.com tresorierjcisahline@gmail.com T\u00e9l\u00e9phone Pr\u00e9sident [&hellip;]<\/p>\n","protected":false},"author":1,"featured_media":0,"parent":0,"menu_order":0,"comment_status":"closed","ping_status":"closed","template":"","meta":{"footnotes":""},"class_list":["post-247","page","type-page","status-publish","hentry"],"_links":{"self":[{"href":"https:\/\/jcisahline.tn\/index.php?rest_route=\/wp\/v2\/pages\/247","targetHints":{"allow":["GET"]}}],"collection":[{"href":"https:\/\/jcisahline.tn\/index.php?rest_route=\/wp\/v2\/pages"}],"about":[{"href":"https:\/\/jcisahline.tn\/index.php?rest_route=\/wp\/v2\/types\/page"}],"author":[{"embeddable":true,"href":"https:\/\/jcisahline.tn\/index.php?rest_route=\/wp\/v2\/users\/1"}],"replies":[{"embeddable":true,"href":"https:\/\/jcisahline.tn\/index.php?rest_route=%2Fwp%2Fv2%2Fcomments&post=247"}],"version-history":[{"count":30,"href":"https:\/\/jcisahline.tn\/index.php?rest_route=\/wp\/v2\/pages\/247\/revisions"}],"predecessor-version":[{"id":450,"href":"https:\/\/jcisahline.tn\/index.php?rest_route=\/wp\/v2\/pages\/247\/revisions\/450"}],"wp:attachment":[{"href":"https:\/\/jcisahline.tn\/index.php?rest_route=%2Fwp%2Fv2%2Fmedia&parent=247"}],"curies":[{"name":"wp","href":"https:\/\/api.w.org\/{rel}","templated":true}]}}